{"id":256,"date":"2014-12-02T11:33:46","date_gmt":"2014-12-02T10:33:46","guid":{"rendered":"http:\/\/www.zukunft-lankwitz.de\/?page_id=256"},"modified":"2023-06-01T08:41:01","modified_gmt":"2023-06-01T06:41:01","slug":"runde-tisch-lankwitz-suedende","status":"publish","type":"page","link":"https:\/\/www.zukunft-lankwitz.de\/?page_id=256","title":{"rendered":"Runder Tisch Lankwitz-S\u00fcdende"},"content":{"rendered":"<p><a href=\"http:\/\/www.zukunft-lankwitz.de\/wp-content\/uploads\/2014\/12\/logo.jpg\"><img loading=\"lazy\" decoding=\"async\" class=\"alignright wp-image-257 size-medium\" src=\"http:\/\/www.zukunft-lankwitz.de\/wp-content\/uploads\/2014\/12\/logo-300x81.jpg\" alt=\"logo\" width=\"300\" height=\"81\" data-wp-pid=\"257\" srcset=\"https:\/\/www.zukunft-lankwitz.de\/wp-content\/uploads\/2014\/12\/logo-300x81.jpg 300w, https:\/\/www.zukunft-lankwitz.de\/wp-content\/uploads\/2014\/12\/logo-624x169.jpg 624w, https:\/\/www.zukunft-lankwitz.de\/wp-content\/uploads\/2014\/12\/logo-800x217.jpg 800w, https:\/\/www.zukunft-lankwitz.de\/wp-content\/uploads\/2014\/12\/logo.jpg 815w\" sizes=\"auto, (max-width: 300px) 100vw, 300px\" \/><\/a>In einigen Berliner Bezirken gibt es sogenannte \u201cRunde Tische\u201c oder &#8222;Stadtteilkonferenzen&#8220;. Allein in Steglitz &#8211; Zehlendorf existieren f\u00fcnf \u201eRunde Tische\u201c und eine &#8222;Stadteilkonferenz&#8220;.\u00a0Sie sind nicht fl\u00e4chendeckend auf den Bezirk verteilt, da sich ein &#8222;Runder Tisch&#8220; oder eine &#8222;Stadtteilkonferenz&#8220; nur um einen \u201ekleinen\u201c Kiez k\u00fcmmert. Es ist im gro\u00dfen Gewirr aller Gremien, die ein Bezirk hat, die kleinste Einheit, aber damit auch direkt am Geschehen.<\/p>\n<p><a href=\"http:\/\/www.zukunft-lankwitz.de\/wp-content\/uploads\/2014\/09\/marktplatz2014_097.jpg\"><img loading=\"lazy\" decoding=\"async\" class=\"alignleft size-full wp-image-75\" src=\"http:\/\/www.zukunft-lankwitz.de\/wp-content\/uploads\/2014\/09\/marktplatz2014_097.jpg\" alt=\"marktplatz2014_097\" width=\"300\" height=\"200\" data-wp-pid=\"75\" \/><\/a><br \/>\nAn einem &#8222;Runden Tisch&#8220; oder einer &#8222;Stadtteilkonferenz&#8220; nehmen Akteure im Kiez, B\u00fcrgerinnen und B\u00fcrger sowie Verantwortliche aus dem Bezirksamt, der Polizei und den kommunalen Parteien teil.\u00a0Themen, die besprochen werden, sind abh\u00e4ngig von den Interessen der Teilnehmerinnen und Teilnehmer. Themen k\u00f6nnen zum Beispiel sein:<\/p>\n<ul>\n<li>Alkoholisierte Jugendliche auf Spielpl\u00e4tzen und in Parkanlagen<\/li>\n<li>Wildschweine in den Wohngebieten<\/li>\n<li>Defekte Stra\u00dfen<\/li>\n<li>Dunkle Wege auf Schulwegen<\/li>\n<li>Was auch immer Menschen im Kiez bewegt<\/li>\n<\/ul>\n<p><a href=\"http:\/\/www.zukunft-lankwitz.de\/wp-content\/uploads\/2014\/10\/jugendbank_043.jpg\"><img loading=\"lazy\" decoding=\"async\" class=\"alignright wp-image-168 size-medium\" src=\"http:\/\/www.zukunft-lankwitz.de\/wp-content\/uploads\/2014\/10\/jugendbank_043-200x300.jpg\" alt=\"jugendbank_043\" width=\"200\" height=\"300\" data-wp-pid=\"168\" srcset=\"https:\/\/www.zukunft-lankwitz.de\/wp-content\/uploads\/2014\/10\/jugendbank_043-200x300.jpg 200w, https:\/\/www.zukunft-lankwitz.de\/wp-content\/uploads\/2014\/10\/jugendbank_043-682x1024.jpg 682w, https:\/\/www.zukunft-lankwitz.de\/wp-content\/uploads\/2014\/10\/jugendbank_043-624x936.jpg 624w, https:\/\/www.zukunft-lankwitz.de\/wp-content\/uploads\/2014\/10\/jugendbank_043-533x800.jpg 533w, https:\/\/www.zukunft-lankwitz.de\/wp-content\/uploads\/2014\/10\/jugendbank_043.jpg 1000w\" sizes=\"auto, (max-width: 200px) 100vw, 200px\" \/><\/a>Aus einem Thema k\u00f6nnen auch Projekte oder Ma\u00dfnahmen entstehen, um gemeinsam etwas zu bewegen, so wie es in den vergangenen Jahren auch schon mehrfach geschehen ist.\u00a0Alle Sprecherinnen und Sprecher der &#8222;Runden Tische&#8220; und &#8222;Stadtteilkonferenzen&#8220; sind regelm\u00e4\u00dfig an den Sitzungen des P\u00e4ventionsbeirates Steglitz \u2013 Zehlendorf beteiligt.<\/p>\n<p>Der Runde Tisch Lankwitz-S\u00fcdende hat sich 2008, auf die initiative des Kinder-, Jugend- und Familientreff K\u00e4seglocke mit dem Ziel einer besseren Vernetzung im Kiez gegr\u00fcndet.\u00a0Das Einzugsgebiet erstreckt sich von der Lankwitz Kirche \u00fcber den S &#8211; Bahnhof S\u00fcdende bis hin zur Albrechtstra\u00dfe. Teilnehmer sind Akteure im Kiez, interessierte B\u00fcrgerinnen und B\u00fcrger, Vertreterinnen und Vertreter des Jugendamtes und der Polizei, kommunale Politikerinnen und Politiker.<\/p>\n<p>Seit dem konnte schon viel bewegt werden und einige Dinge ver\u00e4ndert und damit verbessert werden. Ein Beispiel was den Kiez schon sehr lange und Generationen von Elternsprechern der Alt-Lankwitzer Grundschule im Atem gehalten hat ist der Zebrastreifen an der Bruchwitzstr. \/ Schulstra\u00dfe. Eineinhalbjahre gemeinsames Engagement vom Runden TIsch und dem Bezirksamt Steglitz-Zehlendorf haben erreicht das die Kreuzung ver\u00e4ndert und ein Zebrastreifen eingerichtet wurde. Dies ist nur ein Beispiel f\u00fcr mehrere Sachen die am Runden Tisch passiert und bewegt worden sind.<\/p>\n<p><a href=\"http:\/\/www.zukunft-lankwitz.de\/wp-content\/uploads\/2019\/01\/kalender-1.jpg\"><img loading=\"lazy\" decoding=\"async\" class=\"alignleft wp-image-908 size-medium\" src=\"http:\/\/www.zukunft-lankwitz.de\/wp-content\/uploads\/2019\/01\/kalender-1-209x300.jpg\" alt=\"\" width=\"209\" height=\"300\" srcset=\"https:\/\/www.zukunft-lankwitz.de\/wp-content\/uploads\/2019\/01\/kalender-1-209x300.jpg 209w, https:\/\/www.zukunft-lankwitz.de\/wp-content\/uploads\/2019\/01\/kalender-1-768x1103.jpg 768w, https:\/\/www.zukunft-lankwitz.de\/wp-content\/uploads\/2019\/01\/kalender-1-713x1024.jpg 713w, https:\/\/www.zukunft-lankwitz.de\/wp-content\/uploads\/2019\/01\/kalender-1-624x896.jpg 624w, https:\/\/www.zukunft-lankwitz.de\/wp-content\/uploads\/2019\/01\/kalender-1.jpg 1244w\" sizes=\"auto, (max-width: 209px) 100vw, 209px\" \/><\/a>Feste Veranstaltungen des Runden Tisches Lankwitz-S\u00fcdende sind das Kiezfest\u00a0 und die Zukunftswerkstatt Lankwitz. An diesem Tag haben Sie die M\u00f6glichkeit mit verschiedenen Entscheidungstr\u00e4ger_innen ins Gespr\u00e4ch zu kommen um Ihre Ideen einzubringen. Seit 2019 gibt es auch einen eigenen Google-Kalender f\u00fcr den Runden Tisch Lankwitz-S\u00fcdende. Sie k\u00f6nnen ihn einfach <a href=\"http:\/\/www.zukunft-lankwitz.de\/?page_id=884\">hier<\/a> anschauen, aber auch in Ihren Google Kalender integrieren wenn Sie m\u00f6chten. Es werden dort die Treffen des Runden Tisches und Veranstaltungen im Kiez eingetragen.<\/p>\n<p>Sie sind herzlich eingeladen bei einer der n\u00e4chsten Treffen dazu zu kommen und ihre Ideen und W\u00fcnsche mit einzubringen.<\/p>\n<p>Ansprechpartnerinnen f\u00fcr den Runden Tisch Lankwitz &#8211; S\u00fcdende:<br \/>\n<strong>Silvia H\u00e4rtel<\/strong><br \/>\nSpiel und Action e.V.<br \/>\nKinder-, Jugend- und Familientreff K\u00e4seglocke<br \/>\nLeonorenstr. 65<br \/>\n12247 Berlin<br \/>\nTel: 030 &#8211; 715 22 868<br \/>\nE &#8211; Mail:\u00a0Bitte nutzen Sie unser <a title=\"Kontakt\" href=\"http:\/\/www.zukunft-lankwitz.de\/?page_id=265\">Kontakt-Formular<\/a><\/p>\n<p><strong>Claudia Zier<\/strong><br \/>\nEv Jugendhilfeverein e.V.<br \/>\nMalteserstr. 113\/121<br \/>\n12249 Berlin<br \/>\nTelefon: 030 46 90 02 \u2013 0<br \/>\nE-Mail: Bitte nutzen Sie unser <a href=\"https:\/\/www.zukunft-lankwitz.de\/?page_id=3378\" target=\"_blank\" rel=\"noopener\">Kontakt-Formular<\/a><\/p>\n<p>&nbsp;<\/p>\n<p style=\"text-align: center;\">Gemeinsam f\u00fcr den Kiez &#8211; Gemeinsam mehr erreichen<\/p>\n<p style=\"text-align: center;\">Runder Tisch Lankwitz-S\u00fcdende<\/p>\n<div style=\"padding-bottom:10px; padding-top:5px;\" class=\"hupso-share-buttons\"><!-- Hupso Share Buttons - https:\/\/www.hupso.com\/share\/ --><a class=\"hupso_toolbar\" href=\"https:\/\/www.hupso.com\/share\/\"><img decoding=\"async\" src=\"https:\/\/static.hupso.com\/share\/buttons\/lang\/de\/share-medium.png\" style=\"border:0px; padding-top: 5px; float:left;\" alt=\"Share Button\"\/><\/a><script type=\"text\/javascript\">var hupso_services_t=new Array(\"Twitter\",\"Facebook\",\"Google Plus\");var hupso_background_t=\"#EAF4FF\";var hupso_border_t=\"#66CCFF\";var hupso_toolbar_size_t=\"medium\";var hupso_image_folder_url = \"\";var hupso_url_t=\"\";var hupso_title_t=\"Runder%20Tisch%20Lankwitz-S%C3%BCdende\";<\/script><script type=\"text\/javascript\" src=\"https:\/\/static.hupso.com\/share\/js\/share_toolbar.js\"><\/script><!-- Hupso Share Buttons --><\/div>","protected":false},"excerpt":{"rendered":"<p>In einigen Berliner Bezirken gibt es sogenannte \u201cRunde Tische\u201c oder &#8222;Stadtteilkonferenzen&#8220;. Allein in Steglitz &#8211; Zehlendorf existieren f\u00fcnf \u201eRunde Tische\u201c und eine &#8222;Stadteilkonferenz&#8220;.\u00a0Sie sind nicht fl\u00e4chendeckend auf den Bezirk verteilt, da sich ein &#8222;Runder Tisch&#8220; oder eine &#8222;Stadtteilkonferenz&#8220; nur um einen \u201ekleinen\u201c Kiez k\u00fcmmert. Es ist im gro\u00dfen Gewirr aller Gremien, die ein Bezirk hat, [&hellip;]<\/p>\n<div style=\"padding-bottom:10px; padding-top:5px;\" class=\"hupso-share-buttons\"><!-- Hupso Share Buttons - https:\/\/www.hupso.com\/share\/ --><a class=\"hupso_toolbar\" href=\"https:\/\/www.hupso.com\/share\/\"><img src=\"https:\/\/static.hupso.com\/share\/buttons\/lang\/de\/share-medium.png\" style=\"border:0px; padding-top: 5px; float:left;\" alt=\"Share Button\"\/><\/a><script type=\"text\/javascript\">var hupso_services_t=new Array(\"Twitter\",\"Facebook\",\"Google Plus\");var hupso_background_t=\"#EAF4FF\";var hupso_border_t=\"#66CCFF\";var hupso_toolbar_size_t=\"medium\";var hupso_image_folder_url = \"\";var hupso_url_t=\"\";var hupso_title_t=\"Runder%20Tisch%20Lankwitz-S%C3%BCdende\";<\/script><script type=\"text\/javascript\" src=\"https:\/\/static.hupso.com\/share\/js\/share_toolbar.js\"><\/script><!-- Hupso Share Buttons --><\/div>","protected":false},"author":2,"featured_media":0,"parent":0,"menu_order":0,"comment_status":"closed","ping_status":"closed","template":"","meta":{"footnotes":""},"class_list":["post-256","page","type-page","status-publish","hentry"],"_links":{"self":[{"href":"https:\/\/www.zukunft-lankwitz.de\/index.php?rest_route=\/wp\/v2\/pages\/256","targetHints":{"allow":["GET"]}}],"collection":[{"href":"https:\/\/www.zukunft-lankwitz.de\/index.php?rest_route=\/wp\/v2\/pages"}],"about":[{"href":"https:\/\/www.zukunft-lankwitz.de\/index.php?rest_route=\/wp\/v2\/types\/page"}],"author":[{"embeddable":true,"href":"https:\/\/www.zukunft-lankwitz.de\/index.php?rest_route=\/wp\/v2\/users\/2"}],"replies":[{"embeddable":true,"href":"https:\/\/www.zukunft-lankwitz.de\/index.php?rest_route=%2Fwp%2Fv2%2Fcomments&post=256"}],"version-history":[{"count":11,"href":"https:\/\/www.zukunft-lankwitz.de\/index.php?rest_route=\/wp\/v2\/pages\/256\/revisions"}],"predecessor-version":[{"id":3393,"href":"https:\/\/www.zukunft-lankwitz.de\/index.php?rest_route=\/wp\/v2\/pages\/256\/revisions\/3393"}],"wp:attachment":[{"href":"https:\/\/www.zukunft-lankwitz.de\/index.php?rest_route=%2Fwp%2Fv2%2Fmedia&parent=256"}],"curies":[{"name":"wp","href":"https:\/\/api.w.org\/{rel}","templated":true}]}}