{"id":884,"date":"2019-01-20T10:20:28","date_gmt":"2019-01-20T09:20:28","guid":{"rendered":"http:\/\/www.zukunft-lankwitz.de\/?page_id=884"},"modified":"2019-02-06T17:53:48","modified_gmt":"2019-02-06T16:53:48","slug":"kalender","status":"publish","type":"page","link":"https:\/\/www.zukunft-lankwitz.de\/?page_id=884","title":{"rendered":"Kalender"},"content":{"rendered":"\n<p>Wir haben einen Veranstaltungskalender erstellt vom Runden Tisch Lankwitz-S\u00fcdende und seinen Akteuren. Hier finden Sie die Termine des Runden Tisches Lankwitz-S\u00fcdende und noch mehr. Vorbeischauen lohnt sich.<\/p>\n\n\n\n<figure><iframe loading=\"lazy\" src=\"https:\/\/calendar.google.com\/calendar\/embed?src=zukunft.lankwitz%40gmail.com&amp;ctz=Europe%2FBerlin\" height=\"480\" width=\"640\"><\/iframe><\/figure>\n\n\n\n<p>Wenn Sie den Kalender in Ihren eigenen GoogleKalender integrieren m\u00f6chten (Sie brauchen dazu ein Google-Konto) dann haben Sie hier die M\u00f6glichkeit. Anmeldung erforderlich<\/p>\n\n\n\n<p><a href=\"https:\/\/calendar.google.com\/calendar?cid=enVrdW5mdC5sYW5rd2l0ekBnbWFpbC5jb20\" target=\"_blank\" rel=\"noreferrer noopener\" aria-label=\" (\u00f6ffnet in neuem Tab)\">Hier gehts zum Kalender zum Einbetten in Ihren Google Kalender<\/a><\/p>\n<div style=\"padding-bottom:10px; padding-top:5px;\" class=\"hupso-share-buttons\"><!-- Hupso Share Buttons - https:\/\/www.hupso.com\/share\/ --><a class=\"hupso_toolbar\" href=\"https:\/\/www.hupso.com\/share\/\"><img decoding=\"async\" src=\"https:\/\/static.hupso.com\/share\/buttons\/lang\/de\/share-medium.png\" style=\"border:0px; padding-top: 5px; float:left;\" alt=\"Share Button\"\/><\/a><script type=\"text\/javascript\">var hupso_services_t=new Array(\"Twitter\",\"Facebook\",\"Google Plus\");var hupso_background_t=\"#EAF4FF\";var hupso_border_t=\"#66CCFF\";var hupso_toolbar_size_t=\"medium\";var hupso_image_folder_url = \"\";var hupso_url_t=\"\";var hupso_title_t=\"Kalender\";<\/script><script type=\"text\/javascript\" src=\"https:\/\/static.hupso.com\/share\/js\/share_toolbar.js\"><\/script><!-- Hupso Share Buttons --><\/div>","protected":false},"excerpt":{"rendered":"<p>Wir haben einen Veranstaltungskalender erstellt vom Runden Tisch Lankwitz-S\u00fcdende und seinen Akteuren. Hier finden Sie die Termine des Runden Tisches Lankwitz-S\u00fcdende und noch mehr. Vorbeischauen lohnt sich. Wenn Sie den Kalender in Ihren eigenen GoogleKalender integrieren m\u00f6chten (Sie brauchen dazu ein Google-Konto) dann haben Sie hier die M\u00f6glichkeit. Anmeldung erforderlich Hier gehts zum Kalender zum [&hellip;]<\/p>\n<div style=\"padding-bottom:10px; padding-top:5px;\" class=\"hupso-share-buttons\"><!-- Hupso Share Buttons - https:\/\/www.hupso.com\/share\/ --><a class=\"hupso_toolbar\" href=\"https:\/\/www.hupso.com\/share\/\"><img src=\"https:\/\/static.hupso.com\/share\/buttons\/lang\/de\/share-medium.png\" style=\"border:0px; padding-top: 5px; float:left;\" alt=\"Share Button\"\/><\/a><script type=\"text\/javascript\">var hupso_services_t=new Array(\"Twitter\",\"Facebook\",\"Google Plus\");var hupso_background_t=\"#EAF4FF\";var hupso_border_t=\"#66CCFF\";var hupso_toolbar_size_t=\"medium\";var hupso_image_folder_url = \"\";var hupso_url_t=\"\";var hupso_title_t=\"Kalender\";<\/script><script type=\"text\/javascript\" src=\"https:\/\/static.hupso.com\/share\/js\/share_toolbar.js\"><\/script><!-- Hupso Share Buttons --><\/div>","protected":false},"author":2,"featured_media":0,"parent":0,"menu_order":2,"comment_status":"closed","ping_status":"closed","template":"","meta":{"footnotes":""},"class_list":["post-884","page","type-page","status-publish","hentry"],"_links":{"self":[{"href":"https:\/\/www.zukunft-lankwitz.de\/index.php?rest_route=\/wp\/v2\/pages\/884","targetHints":{"allow":["GET"]}}],"collection":[{"href":"https:\/\/www.zukunft-lankwitz.de\/index.php?rest_route=\/wp\/v2\/pages"}],"about":[{"href":"https:\/\/www.zukunft-lankwitz.de\/index.php?rest_route=\/wp\/v2\/types\/page"}],"author":[{"embeddable":true,"href":"https:\/\/www.zukunft-lankwitz.de\/index.php?rest_route=\/wp\/v2\/users\/2"}],"replies":[{"embeddable":true,"href":"https:\/\/www.zukunft-lankwitz.de\/index.php?rest_route=%2Fwp%2Fv2%2Fcomments&post=884"}],"version-history":[{"count":9,"href":"https:\/\/www.zukunft-lankwitz.de\/index.php?rest_route=\/wp\/v2\/pages\/884\/revisions"}],"predecessor-version":[{"id":946,"href":"https:\/\/www.zukunft-lankwitz.de\/index.php?rest_route=\/wp\/v2\/pages\/884\/revisions\/946"}],"wp:attachment":[{"href":"https:\/\/www.zukunft-lankwitz.de\/index.php?rest_route=%2Fwp%2Fv2%2Fmedia&parent=884"}],"curies":[{"name":"wp","href":"https:\/\/api.w.org\/{rel}","templated":true}]}}