{"id":966,"date":"2019-02-07T12:00:04","date_gmt":"2019-02-07T11:00:04","guid":{"rendered":"http:\/\/www.zukunft-lankwitz.de\/?page_id=966"},"modified":"2019-02-06T17:57:29","modified_gmt":"2019-02-06T16:57:29","slug":"marktplatz-der-ideen-gemeinsam-fuer-den-kiez","status":"publish","type":"page","link":"https:\/\/www.zukunft-lankwitz.de\/?page_id=966","title":{"rendered":"Marktplatz der Ideen"},"content":{"rendered":"\n<div class=\"wp-block-image\"><figure class=\"alignleft is-resized\"><img loading=\"lazy\" decoding=\"async\" src=\"http:\/\/www.zukunft-lankwitz.de\/wp-content\/uploads\/2019\/02\/mpdcomic1.jpg\" alt=\"\" class=\"wp-image-967\" width=\"341\" height=\"370\" srcset=\"https:\/\/www.zukunft-lankwitz.de\/wp-content\/uploads\/2019\/02\/mpdcomic1.jpg 454w, https:\/\/www.zukunft-lankwitz.de\/wp-content\/uploads\/2019\/02\/mpdcomic1-276x300.jpg 276w\" sizes=\"auto, (max-width: 341px) 100vw, 341px\" \/><figcaption><br \/><\/figcaption><\/figure><\/div>\n\n\n\n<div class=\"wp-block-image\"><figure class=\"alignleft is-resized\"><img loading=\"lazy\" decoding=\"async\" src=\"http:\/\/www.zukunft-lankwitz.de\/wp-content\/uploads\/2019\/02\/mpdcomic2.jpg\" alt=\"\" class=\"wp-image-968\" width=\"344\" height=\"376\" srcset=\"https:\/\/www.zukunft-lankwitz.de\/wp-content\/uploads\/2019\/02\/mpdcomic2.jpg 459w, https:\/\/www.zukunft-lankwitz.de\/wp-content\/uploads\/2019\/02\/mpdcomic2-275x300.jpg 275w\" sizes=\"auto, (max-width: 344px) 100vw, 344px\" \/><figcaption><br \/><\/figcaption><\/figure><\/div>\n\n\n\n<div class=\"wp-block-image\"><figure class=\"alignleft is-resized\"><img loading=\"lazy\" decoding=\"async\" src=\"http:\/\/www.zukunft-lankwitz.de\/wp-content\/uploads\/2019\/02\/mpdcomic3.jpg\" alt=\"\" class=\"wp-image-969\" width=\"336\" height=\"365\" srcset=\"https:\/\/www.zukunft-lankwitz.de\/wp-content\/uploads\/2019\/02\/mpdcomic3.jpg 448w, https:\/\/www.zukunft-lankwitz.de\/wp-content\/uploads\/2019\/02\/mpdcomic3-277x300.jpg 277w\" sizes=\"auto, (max-width: 336px) 100vw, 336px\" \/><figcaption><br \/><\/figcaption><\/figure><\/div>\n\n\n\n<div class=\"wp-block-image\"><figure class=\"alignleft is-resized\"><img loading=\"lazy\" decoding=\"async\" src=\"http:\/\/www.zukunft-lankwitz.de\/wp-content\/uploads\/2019\/02\/mpdcomic5.jpg\" alt=\"\" class=\"wp-image-971\" width=\"348\" height=\"371\" srcset=\"https:\/\/www.zukunft-lankwitz.de\/wp-content\/uploads\/2019\/02\/mpdcomic5.jpg 464w, https:\/\/www.zukunft-lankwitz.de\/wp-content\/uploads\/2019\/02\/mpdcomic5-282x300.jpg 282w\" sizes=\"auto, (max-width: 348px) 100vw, 348px\" \/><figcaption><br \/><\/figcaption><\/figure><\/div>\n\n\n\n<div class=\"wp-block-image\"><figure class=\"alignleft is-resized\"><img loading=\"lazy\" decoding=\"async\" src=\"http:\/\/www.zukunft-lankwitz.de\/wp-content\/uploads\/2019\/02\/mpdcomic7.jpg\" alt=\"\" class=\"wp-image-973\" width=\"347\" height=\"380\" srcset=\"https:\/\/www.zukunft-lankwitz.de\/wp-content\/uploads\/2019\/02\/mpdcomic7.jpg 462w, https:\/\/www.zukunft-lankwitz.de\/wp-content\/uploads\/2019\/02\/mpdcomic7-273x300.jpg 273w\" sizes=\"auto, (max-width: 347px) 100vw, 347px\" \/><\/figure><\/div>\n\n\n\n<p>Sie haben eine Idee, ein Anliegen oder einen Wunsch? Das ist der Start f\u00fcr einen Ver\u00e4nderung! Wir geben Ihnen die M\u00f6glichkeit mit G\u00e4sten aus Politik, Verwaltung und Gewerbe ins Gespr\u00e4ch zu kommen und Ihre Themen zu besprechen und damit ggf. was zu ver\u00e4ndern. Wie kann das gehen?  <\/p>\n\n\n\n<p>Wir geben hier ein exemplarisches Beispiel: Frau Idee m\u00f6chte gerne eine bessere Beleuchtung in einer Stra\u00dfe. Aufmerksam geworden auf den Marktplatz der Ideen schaut sie im Internet unter www.zukunft-lankwitz.de oder Facebook unter Zukunft-Lankwitz, wann der passende Gast f\u00fcr Verkehr eingeladen ist.  <br \/><br \/>Zu der angegebenen Stunde kommt sie in den Rosengarten. Es sind viele St\u00e4nde, da wo unterschiedliche Institutionen Informationen verteilen, Kunsthandwerker_innen ihre Kunst verkaufen. Und es gibt viele Angebote f\u00fcr Kinder zum Mitmachen. Separat und trotzdem mittendrin stehen viele Tische mit kleinen Schildern. An den Tischen sitzen Menschen die sich unterhalten. Sie entdeckt einen Tisch mit der Stadtr\u00e4tin und setzt sich dazu. An dem Tisch sitzen noch andere Menschen, sie erkennt auch einen ihrer Nachbarn. Wo es passt formuliert sie ihre Frage mit der Beleuchtung in ihrer Stra\u00dfe. \u00dcberrascht steigen gleich andere an dem Tisch in das Thema ein und haben das gleiche Anliegen. Es wird geredet und Ideen ausgetauscht, wie es besser sein k\u00f6nnte. Die Stadtr\u00e4tin verspricht das Thema mitzunehmen und es mit Frau H\u00e4rtel (Sprecherin vom Runden Tisch Lankwitz-S\u00fcdenede) r\u00fcckzukoppeln, wenn sie was in Erfahrung gebracht hat. Einige Wochen ziehen ins Land und dann kommt ein Treffen des Runden Tisches. Frau H\u00e4rtel kann berichten das sich die Stadtr\u00e4tin wegen der Stra\u00dfenbeleuchtung gemeldet hat und gepr\u00fcft wird, ob es m\u00f6glich ist, st\u00e4rkere Leuchtmittel einzusetzen. Dies geschieht tats\u00e4chlich einige Wochen sp\u00e4ter, weil es m\u00f6glich ist. So ist die Stra\u00dfe besser ausgeleuchtet und gibt den Menschen mehr Sicherheit. <\/p>\n\n\n\n<p>Dieses Beispiel soll aufzeigen was es bewirken kann, nicht nur beim Kaffee oder Tee mit Nachbarn oder Freunden dar\u00fcber zu reden, was den Kiez sch\u00f6ner oder besser machen w\u00fcrde, sondern auch mit den Menschen zu reden, die was entscheiden k\u00f6nnen. Es ist leicht sich \u00fcber alles aufzuregen, was nicht gut ist, aber wie sollen die Menschen die es entscheiden k\u00f6nnen und m\u00fcssen davon wissen, wenn es ihnen keiner erz\u00e4hlt. Darum geht es bei dem Marktplatz der Ideen. Menschen zusammenbringen, die das gleiche Anliegen oder Idee haben, und damit gemeinsam f\u00fcr den Kiez was zu bewegen,, was das Leben wieder sch\u00f6ner macht. Es klappt nicht immer alles, aber es entstehen auch aus den unm\u00f6glich scheinenden Ideen manchmal Ideen die M\u00f6glich sind. Geben sie Ihren Gedanken, W\u00fcnschen und Anliegen eine Chance und kommen sie vorbei beim n\u00e4chsten Marktplatz der Ideen oder auch beim n\u00e4chsten Runden Tisch Lankwitz-S\u00fcdende und lassen uns gemeinsam was f\u00fcr den Kiez bewegen!<\/p>\n\n\n\n<p><br \/>Haben Sie Themen, Ideen oder Anregungen? Dann schreiben Sie sie bitte hier in die Kommentare oder schreiben Sie mich pers\u00f6nlich an, und nutzen das <a href=\"https:\/\/www.zukunft-lankwitz.de\/?page_id=265\">Kontaktformular <\/a>dazu.<\/p>\n<div style=\"padding-bottom:10px; padding-top:5px;\" class=\"hupso-share-buttons\"><!-- Hupso Share Buttons - https:\/\/www.hupso.com\/share\/ --><a class=\"hupso_toolbar\" href=\"https:\/\/www.hupso.com\/share\/\"><img decoding=\"async\" src=\"https:\/\/static.hupso.com\/share\/buttons\/lang\/de\/share-medium.png\" style=\"border:0px; padding-top: 5px; float:left;\" alt=\"Share Button\"\/><\/a><script type=\"text\/javascript\">var hupso_services_t=new Array(\"Twitter\",\"Facebook\",\"Google Plus\");var hupso_background_t=\"#EAF4FF\";var hupso_border_t=\"#66CCFF\";var hupso_toolbar_size_t=\"medium\";var hupso_image_folder_url = \"\";var hupso_url_t=\"\";var hupso_title_t=\"Marktplatz%20der%20Ideen\";<\/script><script type=\"text\/javascript\" src=\"https:\/\/static.hupso.com\/share\/js\/share_toolbar.js\"><\/script><!-- Hupso Share Buttons --><\/div>","protected":false},"excerpt":{"rendered":"<p>Sie haben eine Idee, ein Anliegen oder einen Wunsch? Das ist der Start f\u00fcr einen Ver\u00e4nderung! Wir geben Ihnen die M\u00f6glichkeit mit G\u00e4sten aus Politik, Verwaltung und Gewerbe ins Gespr\u00e4ch zu kommen und Ihre Themen zu besprechen und damit ggf. was zu ver\u00e4ndern. Wie kann das gehen? Wir geben hier ein exemplarisches Beispiel: Frau Idee [&hellip;]<\/p>\n<div style=\"padding-bottom:10px; padding-top:5px;\" class=\"hupso-share-buttons\"><!-- Hupso Share Buttons - https:\/\/www.hupso.com\/share\/ --><a class=\"hupso_toolbar\" href=\"https:\/\/www.hupso.com\/share\/\"><img src=\"https:\/\/static.hupso.com\/share\/buttons\/lang\/de\/share-medium.png\" style=\"border:0px; padding-top: 5px; float:left;\" alt=\"Share Button\"\/><\/a><script type=\"text\/javascript\">var hupso_services_t=new Array(\"Twitter\",\"Facebook\",\"Google Plus\");var hupso_background_t=\"#EAF4FF\";var hupso_border_t=\"#66CCFF\";var hupso_toolbar_size_t=\"medium\";var hupso_image_folder_url = \"\";var hupso_url_t=\"\";var hupso_title_t=\"Marktplatz%20der%20Ideen\";<\/script><script type=\"text\/javascript\" src=\"https:\/\/static.hupso.com\/share\/js\/share_toolbar.js\"><\/script><!-- Hupso Share Buttons --><\/div>","protected":false},"author":2,"featured_media":0,"parent":0,"menu_order":1,"comment_status":"closed","ping_status":"closed","template":"","meta":{"footnotes":""},"class_list":["post-966","page","type-page","status-publish","hentry"],"_links":{"self":[{"href":"https:\/\/www.zukunft-lankwitz.de\/index.php?rest_route=\/wp\/v2\/pages\/966","targetHints":{"allow":["GET"]}}],"collection":[{"href":"https:\/\/www.zukunft-lankwitz.de\/index.php?rest_route=\/wp\/v2\/pages"}],"about":[{"href":"https:\/\/www.zukunft-lankwitz.de\/index.php?rest_route=\/wp\/v2\/types\/page"}],"author":[{"embeddable":true,"href":"https:\/\/www.zukunft-lankwitz.de\/index.php?rest_route=\/wp\/v2\/users\/2"}],"replies":[{"embeddable":true,"href":"https:\/\/www.zukunft-lankwitz.de\/index.php?rest_route=%2Fwp%2Fv2%2Fcomments&post=966"}],"version-history":[{"count":4,"href":"https:\/\/www.zukunft-lankwitz.de\/index.php?rest_route=\/wp\/v2\/pages\/966\/revisions"}],"predecessor-version":[{"id":980,"href":"https:\/\/www.zukunft-lankwitz.de\/index.php?rest_route=\/wp\/v2\/pages\/966\/revisions\/980"}],"wp:attachment":[{"href":"https:\/\/www.zukunft-lankwitz.de\/index.php?rest_route=%2Fwp%2Fv2%2Fmedia&parent=966"}],"curies":[{"name":"wp","href":"https:\/\/api.w.org\/{rel}","templated":true}]}}